{"id":7162,"date":"2025-10-23T09:47:11","date_gmt":"2025-10-23T09:47:11","guid":{"rendered":"https:\/\/amberdistribution.lv\/?post_type=product&#038;p=7162"},"modified":"2025-10-30T15:06:05","modified_gmt":"2025-10-30T15:06:05","slug":"tagaro-verdazzo-vermentino-puglia-igp","status":"publish","type":"product","link":"https:\/\/amberdistribution.lv\/lv\/product\/tagaro-verdazzo-vermentino-puglia-igp\/","title":{"rendered":"Tagaro Verdazzo  Vermentino Puglia IGP"},"content":{"rendered":"<p>Sausais baltv\u012bns no \u00a0Ap\u016blijas re\u0123iona It\u0101lijas dienvidos gatavots no Vermentino v\u012bnog\u0101m, kas augu\u0161as 15-25 gadus vecos v\u012bnogul\u0101jos, iztur\u0113ts ner\u016bs\u0113jo\u0161a t\u0113rauda tvertn\u0113s, 4 m\u0113ne\u0161us veicot batttonage procesu, kas v\u012bnam pie\u0161\u0137\u012bris bag\u0101t\u012bgus\u00a0 arom\u0101tus un gar\u0161as, svaigs un aug\u013cains \u00a0v\u012bns \u00a0ar persiku un apriko\u017eu arom\u0101tiem. \u00a0Lieliski sader\u0113s ar risoto, zivju \u0113dieniem, m\u012bkstajiem sieriem un balt\u0101s ga\u013cas \u0113dieniem. Pasnieg\u0161anas temperat\u016bra 10\/12\u00b0 C.<\/p>\n<p>5 m\u0113ne\u0161us ozolkoka muc\u0101s un p\u0113c tam vismaz 4 m\u0113ne\u0161us pudel\u0113s.\u00a0 Rakstur\u012bga intens\u012bva un aug\u013caina gar\u0161a ar saldiem iev\u0101r\u012bjuma un gar\u0161vielu to\u0146iem. V\u012bns lieliski sader\u0113s ar ga\u013cas un d\u0101rze\u0146u \u0113dieniem.<\/p>\n","protected":false},"excerpt":{"rendered":"<p>Sausais baltv\u012bns no \u00a0Ap\u016blijas re\u0123iona It\u0101lijas dienvidos gatavots no Vermentino v\u012bnog\u0101m, kas augu\u0161as 15-25 gadus vecos v\u012bnogul\u0101jos, iztur\u0113ts ner\u016bs\u0113jo\u0161a t\u0113rauda tvertn\u0113s, 4 m\u0113ne\u0161us veicot batttonage procesu, kas v\u012bnam pie\u0161\u0137\u012bris bag\u0101t\u012bgus\u00a0...<\/p>\n","protected":false},"featured_media":7286,"template":"","meta":[],"product_cat":[418],"product_tag":[],"acf":[],"_links":{"self":[{"href":"https:\/\/amberdistribution.lv\/lv\/wp-json\/wp\/v2\/product\/7162"}],"collection":[{"href":"https:\/\/amberdistribution.lv\/lv\/wp-json\/wp\/v2\/product"}],"about":[{"href":"https:\/\/amberdistribution.lv\/lv\/wp-json\/wp\/v2\/types\/product"}],"wp:featuredmedia":[{"embeddable":true,"href":"https:\/\/amberdistribution.lv\/lv\/wp-json\/wp\/v2\/media\/7286"}],"wp:attachment":[{"href":"https:\/\/amberdistribution.lv\/lv\/wp-json\/wp\/v2\/media?parent=7162"}],"wp:term":[{"taxonomy":"product_cat","embeddable":true,"href":"https:\/\/amberdistribution.lv\/lv\/wp-json\/wp\/v2\/product_cat?post=7162"},{"taxonomy":"product_tag","embeddable":true,"href":"https:\/\/amberdistribution.lv\/lv\/wp-json\/wp\/v2\/product_tag?post=7162"}],"curies":[{"name":"wp","href":"https:\/\/api.w.org\/{rel}","templated":true}]}}