{"id":7164,"date":"2025-10-20T12:13:23","date_gmt":"2025-10-20T12:13:23","guid":{"rendered":"https:\/\/amberdistribution.lv\/?post_type=product&#038;p=7164"},"modified":"2025-10-30T15:13:10","modified_gmt":"2025-10-30T15:13:10","slug":"nephalia-chardonnay-non-alcoholic","status":"publish","type":"product","link":"https:\/\/amberdistribution.lv\/lv\/product\/nephalia-chardonnay-non-alcoholic\/","title":{"rendered":"Nephalia  Chardonnay Non Alcoholic"},"content":{"rendered":"<p>Bezalkoholisks sausais baltv\u012bns gatavots no dealkoholiz\u0113ta v\u012bna, kas gatavots no Chardonnay. Rakstur\u012bgi gai\u0161o aug\u013cu arom\u0101ti ar vieglu kokosriekstu noti nosl\u0113gum\u0101,\u00a0 svaiga, pat\u012bkama gar\u0161a. Cukura daudzums 25g\/L. Ieteicams pasniegt atdzes\u0113tu.<\/p>\n","protected":false},"excerpt":{"rendered":"<p>Bezalkoholisks sausais baltv\u012bns gatavots no dealkoholiz\u0113ta v\u012bna, kas gatavots no Chardonnay. Rakstur\u012bgi gai\u0161o aug\u013cu arom\u0101ti ar vieglu kokosriekstu noti nosl\u0113gum\u0101,\u00a0 svaiga, pat\u012bkama gar\u0161a. Cukura daudzums 25g\/L. Ieteicams pasniegt atdzes\u0113tu.<\/p>\n","protected":false},"featured_media":7292,"template":"","meta":[],"product_cat":[1195],"product_tag":[],"acf":[],"_links":{"self":[{"href":"https:\/\/amberdistribution.lv\/lv\/wp-json\/wp\/v2\/product\/7164"}],"collection":[{"href":"https:\/\/amberdistribution.lv\/lv\/wp-json\/wp\/v2\/product"}],"about":[{"href":"https:\/\/amberdistribution.lv\/lv\/wp-json\/wp\/v2\/types\/product"}],"wp:featuredmedia":[{"embeddable":true,"href":"https:\/\/amberdistribution.lv\/lv\/wp-json\/wp\/v2\/media\/7292"}],"wp:attachment":[{"href":"https:\/\/amberdistribution.lv\/lv\/wp-json\/wp\/v2\/media?parent=7164"}],"wp:term":[{"taxonomy":"product_cat","embeddable":true,"href":"https:\/\/amberdistribution.lv\/lv\/wp-json\/wp\/v2\/product_cat?post=7164"},{"taxonomy":"product_tag","embeddable":true,"href":"https:\/\/amberdistribution.lv\/lv\/wp-json\/wp\/v2\/product_tag?post=7164"}],"curies":[{"name":"wp","href":"https:\/\/api.w.org\/{rel}","templated":true}]}}