{"id":7165,"date":"2025-10-20T12:11:35","date_gmt":"2025-10-20T12:11:35","guid":{"rendered":"https:\/\/amberdistribution.lv\/?post_type=product&#038;p=7165"},"modified":"2025-10-20T12:11:36","modified_gmt":"2025-10-20T12:11:36","slug":"nephalia-rose-non-alcoholic","status":"publish","type":"product","link":"https:\/\/amberdistribution.lv\/lv\/product\/nephalia-rose-non-alcoholic\/","title":{"rendered":"Nephalia  Rose Non Alcoholic"},"content":{"rendered":"<p>Bezalkoholisks sausais roz\u0101 v\u012bns gatavots no dealkoholiz\u0113ta v\u012bna. Rakstur\u012bgi zeme\u0146u un ro\u017eu\u00a0 arom\u0101ti,\u00a0\u00a0 svaiga, pat\u012bkama gar\u0161a. Cukura daudzums 25g\/L. Ieteicams pasniegt atdzes\u0113tu.<\/p>\n","protected":false},"excerpt":{"rendered":"<p>Bezalkoholisks sausais roz\u0101 v\u012bns gatavots no dealkoholiz\u0113ta v\u012bna. Rakstur\u012bgi zeme\u0146u un ro\u017eu\u00a0 arom\u0101ti,\u00a0\u00a0 svaiga, pat\u012bkama gar\u0161a. Cukura daudzums 25g\/L. Ieteicams pasniegt atdzes\u0113tu.<\/p>\n","protected":false},"featured_media":7172,"template":"","meta":[],"product_cat":[1195],"product_tag":[],"acf":[],"_links":{"self":[{"href":"https:\/\/amberdistribution.lv\/lv\/wp-json\/wp\/v2\/product\/7165"}],"collection":[{"href":"https:\/\/amberdistribution.lv\/lv\/wp-json\/wp\/v2\/product"}],"about":[{"href":"https:\/\/amberdistribution.lv\/lv\/wp-json\/wp\/v2\/types\/product"}],"wp:featuredmedia":[{"embeddable":true,"href":"https:\/\/amberdistribution.lv\/lv\/wp-json\/wp\/v2\/media\/7172"}],"wp:attachment":[{"href":"https:\/\/amberdistribution.lv\/lv\/wp-json\/wp\/v2\/media?parent=7165"}],"wp:term":[{"taxonomy":"product_cat","embeddable":true,"href":"https:\/\/amberdistribution.lv\/lv\/wp-json\/wp\/v2\/product_cat?post=7165"},{"taxonomy":"product_tag","embeddable":true,"href":"https:\/\/amberdistribution.lv\/lv\/wp-json\/wp\/v2\/product_tag?post=7165"}],"curies":[{"name":"wp","href":"https:\/\/api.w.org\/{rel}","templated":true}]}}