{"id":7166,"date":"2025-10-20T12:09:41","date_gmt":"2025-10-20T12:09:41","guid":{"rendered":"https:\/\/amberdistribution.lv\/?post_type=product&#038;p=7166"},"modified":"2025-10-30T15:15:29","modified_gmt":"2025-10-30T15:15:29","slug":"nephalia-caberet-sauvignon-non-alcoholic","status":"publish","type":"product","link":"https:\/\/amberdistribution.lv\/lv\/product\/nephalia-caberet-sauvignon-non-alcoholic\/","title":{"rendered":"Nephalia  Caberet Sauvignon Non Alcoholic"},"content":{"rendered":"<p>Bezalkoholisks sausais sarkanv\u012bns gatavots no dealkoholiz\u0113ta v\u012bna, kas gatavots no Caberet Sauvignon v\u012bnog\u0101m. Rakstur\u012bgi sarkano aug\u013cu , vani\u013cas un viegli kokosriekstu arom\u0101ti,\u00a0 svaiga, pat\u012bkama gar\u0161a. Cukura daudzums 30 g\/L. Ieteicams pasniegt viegli atdzes\u0113tu.<\/p>\n","protected":false},"excerpt":{"rendered":"<p>Bezalkoholisks sausais sarkanv\u012bns gatavots no dealkoholiz\u0113ta v\u012bna, kas gatavots no Caberet Sauvignon v\u012bnog\u0101m. Rakstur\u012bgi sarkano aug\u013cu , vani\u013cas un viegli kokosriekstu arom\u0101ti,\u00a0 svaiga, pat\u012bkama gar\u0161a. Cukura daudzums 30 g\/L. Ieteicams...<\/p>\n","protected":false},"featured_media":7294,"template":"","meta":[],"product_cat":[1195],"product_tag":[],"acf":[],"_links":{"self":[{"href":"https:\/\/amberdistribution.lv\/lv\/wp-json\/wp\/v2\/product\/7166"}],"collection":[{"href":"https:\/\/amberdistribution.lv\/lv\/wp-json\/wp\/v2\/product"}],"about":[{"href":"https:\/\/amberdistribution.lv\/lv\/wp-json\/wp\/v2\/types\/product"}],"wp:featuredmedia":[{"embeddable":true,"href":"https:\/\/amberdistribution.lv\/lv\/wp-json\/wp\/v2\/media\/7294"}],"wp:attachment":[{"href":"https:\/\/amberdistribution.lv\/lv\/wp-json\/wp\/v2\/media?parent=7166"}],"wp:term":[{"taxonomy":"product_cat","embeddable":true,"href":"https:\/\/amberdistribution.lv\/lv\/wp-json\/wp\/v2\/product_cat?post=7166"},{"taxonomy":"product_tag","embeddable":true,"href":"https:\/\/amberdistribution.lv\/lv\/wp-json\/wp\/v2\/product_tag?post=7166"}],"curies":[{"name":"wp","href":"https:\/\/api.w.org\/{rel}","templated":true}]}}