{"id":7207,"date":"2025-10-29T09:39:41","date_gmt":"2025-10-29T09:39:41","guid":{"rendered":"https:\/\/amberdistribution.lv\/?post_type=product&#038;p=7207"},"modified":"2025-10-29T09:39:50","modified_gmt":"2025-10-29T09:39:50","slug":"rib-tickler-cabernet-sauvignon","status":"publish","type":"product","link":"https:\/\/amberdistribution.lv\/lv\/product\/rib-tickler-cabernet-sauvignon\/","title":{"rendered":"Rib Tickler Cabernet Sauvignon"},"content":{"rendered":"<p>Iedvesmas avots \u0161im v\u012bniem ir Burbons un BBQ Rezult\u0101ts ir gastronomisks v\u012bns, gatavots k\u0101 lielisks papildin\u0101jums \u0113dieniem ar sp\u0113c\u012bgi izteikt\u0101m gar\u0161\u0101m, jo \u012bpa\u0161i BBQ.<\/p>\n<p>V\u012bnogas ieg\u016btas Kalifornijas Zieme\u013cu da\u013c\u0101, Centr\u0101laj\u0101 ielej\u0101 no 30 gadus veciem v\u012bnogul\u0101jiem Lodi, v\u012bns 6 m\u0113ne\u0161us nogatavin\u0101ti ozolkok\u0101. Sp\u0113c\u012bgs, bet tai pat laik\u0101\u00a0 svaigs un arom\u0101tisks v\u012bns. Lieliski sader\u0113s ar steikiem, BBQ, liellopa ga\u013cas \u0113dieniem.<\/p>\n","protected":false},"excerpt":{"rendered":"<p>Iedvesmas avots \u0161im v\u012bniem ir Burbons un BBQ Rezult\u0101ts ir gastronomisks v\u012bns, gatavots k\u0101 lielisks papildin\u0101jums \u0113dieniem ar sp\u0113c\u012bgi izteikt\u0101m gar\u0161\u0101m, jo \u012bpa\u0161i BBQ. V\u012bnogas ieg\u016btas Kalifornijas Zieme\u013cu da\u013c\u0101, Centr\u0101laj\u0101...<\/p>\n","protected":false},"featured_media":7217,"template":"","meta":[],"product_cat":[418],"product_tag":[],"acf":[],"_links":{"self":[{"href":"https:\/\/amberdistribution.lv\/lv\/wp-json\/wp\/v2\/product\/7207"}],"collection":[{"href":"https:\/\/amberdistribution.lv\/lv\/wp-json\/wp\/v2\/product"}],"about":[{"href":"https:\/\/amberdistribution.lv\/lv\/wp-json\/wp\/v2\/types\/product"}],"wp:featuredmedia":[{"embeddable":true,"href":"https:\/\/amberdistribution.lv\/lv\/wp-json\/wp\/v2\/media\/7217"}],"wp:attachment":[{"href":"https:\/\/amberdistribution.lv\/lv\/wp-json\/wp\/v2\/media?parent=7207"}],"wp:term":[{"taxonomy":"product_cat","embeddable":true,"href":"https:\/\/amberdistribution.lv\/lv\/wp-json\/wp\/v2\/product_cat?post=7207"},{"taxonomy":"product_tag","embeddable":true,"href":"https:\/\/amberdistribution.lv\/lv\/wp-json\/wp\/v2\/product_tag?post=7207"}],"curies":[{"name":"wp","href":"https:\/\/api.w.org\/{rel}","templated":true}]}}