{"id":7208,"date":"2025-10-29T08:35:14","date_gmt":"2025-10-29T08:35:14","guid":{"rendered":"https:\/\/amberdistribution.lv\/?post_type=product&#038;p=7208"},"modified":"2025-10-30T13:34:45","modified_gmt":"2025-10-30T13:34:45","slug":"diablo-crystal-sauvignon-blanc","status":"publish","type":"product","link":"https:\/\/amberdistribution.lv\/lv\/product\/diablo-crystal-sauvignon-blanc\/","title":{"rendered":"DIABLO CRYSTAL SAUVIGNON BLANC"},"content":{"rendered":"<p>Sausais baltv\u012bns no \u010c\u012bles, gatavots no \u00a0Sauvignon Blanc v\u012bnog\u0101m, kas augu\u0161as Curico ielej\u0101. V\u012bns gai\u0161\u0101 salmu dzelten\u0101 kr\u0101s\u0101 ar maigu balto persiku arom\u0101tu, gar\u0161\u0101 v\u012bns ir sabalans\u0113ts un \u00a0atsvaidzino\u0161s. \u00a0Lieliski sader\u0113s ar gril\u0113t\u0101m ziv\u012bm, j\u016bras velt\u0113m, v\u0113\u017eveid\u012bgajiem, \u00a0pusm\u012bkstajiem sieriem.<\/p>\n","protected":false},"excerpt":{"rendered":"<p>Sausais baltv\u012bns no \u010c\u012bles, gatavots no \u00a0Sauvignon Blanc v\u012bnog\u0101m, kas augu\u0161as Curico ielej\u0101. V\u012bns gai\u0161\u0101 salmu dzelten\u0101 kr\u0101s\u0101 ar maigu balto persiku arom\u0101tu, gar\u0161\u0101 v\u012bns ir sabalans\u0113ts un \u00a0atsvaidzino\u0161s. \u00a0Lieliski...<\/p>\n","protected":false},"featured_media":7248,"template":"","meta":[],"product_cat":[418,425],"product_tag":[],"acf":[],"_links":{"self":[{"href":"https:\/\/amberdistribution.lv\/lv\/wp-json\/wp\/v2\/product\/7208"}],"collection":[{"href":"https:\/\/amberdistribution.lv\/lv\/wp-json\/wp\/v2\/product"}],"about":[{"href":"https:\/\/amberdistribution.lv\/lv\/wp-json\/wp\/v2\/types\/product"}],"wp:featuredmedia":[{"embeddable":true,"href":"https:\/\/amberdistribution.lv\/lv\/wp-json\/wp\/v2\/media\/7248"}],"wp:attachment":[{"href":"https:\/\/amberdistribution.lv\/lv\/wp-json\/wp\/v2\/media?parent=7208"}],"wp:term":[{"taxonomy":"product_cat","embeddable":true,"href":"https:\/\/amberdistribution.lv\/lv\/wp-json\/wp\/v2\/product_cat?post=7208"},{"taxonomy":"product_tag","embeddable":true,"href":"https:\/\/amberdistribution.lv\/lv\/wp-json\/wp\/v2\/product_tag?post=7208"}],"curies":[{"name":"wp","href":"https:\/\/api.w.org\/{rel}","templated":true}]}}