{"id":7211,"date":"2025-10-29T09:10:35","date_gmt":"2025-10-29T09:10:35","guid":{"rendered":"https:\/\/amberdistribution.lv\/?post_type=product&#038;p=7211"},"modified":"2025-10-30T14:59:48","modified_gmt":"2025-10-30T14:59:48","slug":"achaval-ferrer-quimerino-blanco","status":"publish","type":"product","link":"https:\/\/amberdistribution.lv\/lv\/product\/achaval-ferrer-quimerino-blanco\/","title":{"rendered":"Achaval Ferrer Quimerino Blanco"},"content":{"rendered":"<p>Sausais baltv\u012bns\u00a0 gatavots no 90% Sauvignon Blanc, 10% Roussanne Marsanne, kas augu\u0161as Uco ielej\u0101, Mendoza, Argent\u012bn\u0101.<\/p>\n<p>Katras v\u012bnogu \u0161\u0137irnes ferment\u0101cijas process veikts atsevi\u0161\u0137i, izmantojot ner\u016bs\u0113jo\u0161a t\u0113rauda tvertnes.<\/p>\n<p>V\u012bnu blend\u0113\u0161ana notikusi \u012bsi pirms pild\u012b\u0161anas pudel\u0113s, lai maksim\u0101li saglab\u0101tu arom\u0101tu un gar\u0161u ekspresiju.<\/p>\n","protected":false},"excerpt":{"rendered":"<p>Sausais baltv\u012bns\u00a0 gatavots no 90% Sauvignon Blanc, 10% Roussanne Marsanne, kas augu\u0161as Uco ielej\u0101, Mendoza, Argent\u012bn\u0101. Katras v\u012bnogu \u0161\u0137irnes ferment\u0101cijas process veikts atsevi\u0161\u0137i, izmantojot ner\u016bs\u0113jo\u0161a t\u0113rauda tvertnes. V\u012bnu blend\u0113\u0161ana notikusi...<\/p>\n","protected":false},"featured_media":7280,"template":"","meta":[],"product_cat":[418,426],"product_tag":[],"acf":[],"_links":{"self":[{"href":"https:\/\/amberdistribution.lv\/lv\/wp-json\/wp\/v2\/product\/7211"}],"collection":[{"href":"https:\/\/amberdistribution.lv\/lv\/wp-json\/wp\/v2\/product"}],"about":[{"href":"https:\/\/amberdistribution.lv\/lv\/wp-json\/wp\/v2\/types\/product"}],"wp:featuredmedia":[{"embeddable":true,"href":"https:\/\/amberdistribution.lv\/lv\/wp-json\/wp\/v2\/media\/7280"}],"wp:attachment":[{"href":"https:\/\/amberdistribution.lv\/lv\/wp-json\/wp\/v2\/media?parent=7211"}],"wp:term":[{"taxonomy":"product_cat","embeddable":true,"href":"https:\/\/amberdistribution.lv\/lv\/wp-json\/wp\/v2\/product_cat?post=7211"},{"taxonomy":"product_tag","embeddable":true,"href":"https:\/\/amberdistribution.lv\/lv\/wp-json\/wp\/v2\/product_tag?post=7211"}],"curies":[{"name":"wp","href":"https:\/\/api.w.org\/{rel}","templated":true}]}}