{"id":7214,"date":"2025-10-29T09:12:03","date_gmt":"2025-10-29T09:12:03","guid":{"rendered":"https:\/\/amberdistribution.lv\/?post_type=product&#038;p=7214"},"modified":"2025-10-30T14:42:46","modified_gmt":"2025-10-30T14:42:46","slug":"achaval-ferrer-quimerino-tinto","status":"publish","type":"product","link":"https:\/\/amberdistribution.lv\/lv\/product\/achaval-ferrer-quimerino-tinto\/","title":{"rendered":"Achaval Ferrer Quimerino Tinto"},"content":{"rendered":"<p>Sausais sarkanv\u012bns\u00a0 gatavots no 37% Pinot Noir, 28% Malbec, 18% Syrah, 17% Sauvignon Blanc, kas augu\u0161as Uco ielej\u0101, Mendoza, Argent\u012bn\u0101.<\/p>\n<p>Pinot Noir un Malbec gatavoti betona tvertn\u0113s, savuk\u0101rt \u00a0Sauvignon Blanc un \u00a0Syrah ferment\u0101cija notikusi ner\u016bs\u0113jo\u0161a t\u0113rauda tvertn\u0113s.<\/p>\n<p>Neviena no v\u012bnogu \u0161\u0137irn\u0113m nav iztur\u0113tas ozolkok\u0101, v\u012bnu blend\u0113\u0161ana notikusi \u012bsi pirms pild\u012b\u0161anas pudel\u0113s , lai maksim\u0101li saglab\u0101tu arom\u0101tu un gar\u0161u ekspresiju.<\/p>\n","protected":false},"excerpt":{"rendered":"<p>Sausais sarkanv\u012bns\u00a0 gatavots no 37% Pinot Noir, 28% Malbec, 18% Syrah, 17% Sauvignon Blanc, kas augu\u0161as Uco ielej\u0101, Mendoza, Argent\u012bn\u0101. Pinot Noir un Malbec gatavoti betona tvertn\u0113s, savuk\u0101rt \u00a0Sauvignon Blanc...<\/p>\n","protected":false},"featured_media":7262,"template":"","meta":[],"product_cat":[418,426],"product_tag":[],"acf":[],"_links":{"self":[{"href":"https:\/\/amberdistribution.lv\/lv\/wp-json\/wp\/v2\/product\/7214"}],"collection":[{"href":"https:\/\/amberdistribution.lv\/lv\/wp-json\/wp\/v2\/product"}],"about":[{"href":"https:\/\/amberdistribution.lv\/lv\/wp-json\/wp\/v2\/types\/product"}],"wp:featuredmedia":[{"embeddable":true,"href":"https:\/\/amberdistribution.lv\/lv\/wp-json\/wp\/v2\/media\/7262"}],"wp:attachment":[{"href":"https:\/\/amberdistribution.lv\/lv\/wp-json\/wp\/v2\/media?parent=7214"}],"wp:term":[{"taxonomy":"product_cat","embeddable":true,"href":"https:\/\/amberdistribution.lv\/lv\/wp-json\/wp\/v2\/product_cat?post=7214"},{"taxonomy":"product_tag","embeddable":true,"href":"https:\/\/amberdistribution.lv\/lv\/wp-json\/wp\/v2\/product_tag?post=7214"}],"curies":[{"name":"wp","href":"https:\/\/api.w.org\/{rel}","templated":true}]}}