{"id":7298,"date":"2025-10-31T11:38:46","date_gmt":"2025-10-31T11:38:46","guid":{"rendered":"https:\/\/amberdistribution.lv\/?post_type=product&#038;p=7298"},"modified":"2025-10-31T11:38:56","modified_gmt":"2025-10-31T11:38:56","slug":"frontera-pinot-grigio","status":"publish","type":"product","link":"https:\/\/amberdistribution.lv\/lv\/product\/frontera-pinot-grigio\/","title":{"rendered":"FRONTERA Pinot Grigio"},"content":{"rendered":"<p>Viegls sauss baltv\u012bns gai\u0161i dzelten\u0101 kr\u0101s\u0101 ar za\u013cganiem atsp\u012bdumiem,\u00a0 ar svaigiem bumbieru un \u0101bolu arom\u0101tiem, pat\u012bkami noapa\u013cota gar\u0161a ar labi sabalans\u0113tu sk\u0101bumu. Labs aperit\u012bvs, sader\u0113s ar viegl\u0101m uzkod\u0101m, pastas \u0113dieniem, balto ga\u013cu un ziv\u012bm.\u00a0 Ieteicams pasniegt atdzes\u0113tu.<\/p>\n","protected":false},"excerpt":{"rendered":"<p>Viegls sauss baltv\u012bns gai\u0161i dzelten\u0101 kr\u0101s\u0101 ar za\u013cganiem atsp\u012bdumiem,\u00a0 ar svaigiem bumbieru un \u0101bolu arom\u0101tiem, pat\u012bkami noapa\u013cota gar\u0161a ar labi sabalans\u0113tu sk\u0101bumu. Labs aperit\u012bvs, sader\u0113s ar viegl\u0101m uzkod\u0101m, pastas \u0113dieniem,...<\/p>\n","protected":false},"featured_media":7299,"template":"","meta":[],"product_cat":[418,425],"product_tag":[],"acf":[],"_links":{"self":[{"href":"https:\/\/amberdistribution.lv\/lv\/wp-json\/wp\/v2\/product\/7298"}],"collection":[{"href":"https:\/\/amberdistribution.lv\/lv\/wp-json\/wp\/v2\/product"}],"about":[{"href":"https:\/\/amberdistribution.lv\/lv\/wp-json\/wp\/v2\/types\/product"}],"wp:featuredmedia":[{"embeddable":true,"href":"https:\/\/amberdistribution.lv\/lv\/wp-json\/wp\/v2\/media\/7299"}],"wp:attachment":[{"href":"https:\/\/amberdistribution.lv\/lv\/wp-json\/wp\/v2\/media?parent=7298"}],"wp:term":[{"taxonomy":"product_cat","embeddable":true,"href":"https:\/\/amberdistribution.lv\/lv\/wp-json\/wp\/v2\/product_cat?post=7298"},{"taxonomy":"product_tag","embeddable":true,"href":"https:\/\/amberdistribution.lv\/lv\/wp-json\/wp\/v2\/product_tag?post=7298"}],"curies":[{"name":"wp","href":"https:\/\/api.w.org\/{rel}","templated":true}]}}