{"id":73,"date":"2022-02-18T11:28:20","date_gmt":"2022-02-18T11:28:20","guid":{"rendered":"https:\/\/amberdistribution.lv\/?post_type=product&#038;p=73"},"modified":"2026-03-06T10:20:36","modified_gmt":"2026-03-06T10:20:36","slug":"moskovskaya-osobaya","status":"publish","type":"product","link":"https:\/\/amberdistribution.lv\/lv\/product\/moskovskaya-osobaya\/","title":{"rendered":"Moskovskaya Osobaya"},"content":{"rendered":"<p><span data-teams=\"true\"><strong>Moskovskaya Osobaya Vodka<\/strong> ir augstas kvalit\u0101tes graudu degv\u012bns, kas gatavots p\u0113c tradicion\u0101l\u0101s metodes \u2014 tr\u012bsk\u0101r\u0161i destil\u0113jot un filtr\u0113jot caur ogli un kvarca smilt\u012bm. Apz\u012bm\u0113jums <i>Osobaya<\/i> atsaucas uz unik\u0101lu degv\u012bna recepti no 20. gadsimta pirm\u0101s puses, saska\u0146\u0101 ar kuru ra\u017eo\u0161ana turpin\u0101s ar\u012b m\u016bsdien\u0101s. R\u016bpn\u012bca R\u012bg\u0101, kur tiek ra\u017eota <strong>Moskovskaya Osobaya Vodka<\/strong>, dibin\u0101ta 1900. gad\u0101, nodro\u0161inot vair\u0101k nek\u0101 125 gadu pieredzi degv\u012bna ra\u017eo\u0161an\u0101. Gadu gait\u0101 <strong>Moskovskaya<\/strong> ir sa\u0146\u0113musi daudzus starptautiskus apbalvojumus un atzin\u012bbas, izce\u013coties ar savu maigo gar\u0161u un \u012bpa\u0161o raksturu.<\/span><\/p>\n","protected":false},"excerpt":{"rendered":"<p>Moskovskaya Osobaya Vodka ir augstas kvalit\u0101tes graudu degv\u012bns, kas gatavots p\u0113c tradicion\u0101l\u0101s metodes \u2014 tr\u012bsk\u0101r\u0161i destil\u0113jot un filtr\u0113jot caur ogli un kvarca smilt\u012bm. Apz\u012bm\u0113jums Osobaya atsaucas uz unik\u0101lu degv\u012bna recepti...<\/p>\n","protected":false},"featured_media":7319,"template":"","meta":[],"product_cat":[25],"product_tag":[],"acf":[],"_links":{"self":[{"href":"https:\/\/amberdistribution.lv\/lv\/wp-json\/wp\/v2\/product\/73"}],"collection":[{"href":"https:\/\/amberdistribution.lv\/lv\/wp-json\/wp\/v2\/product"}],"about":[{"href":"https:\/\/amberdistribution.lv\/lv\/wp-json\/wp\/v2\/types\/product"}],"wp:featuredmedia":[{"embeddable":true,"href":"https:\/\/amberdistribution.lv\/lv\/wp-json\/wp\/v2\/media\/7319"}],"wp:attachment":[{"href":"https:\/\/amberdistribution.lv\/lv\/wp-json\/wp\/v2\/media?parent=73"}],"wp:term":[{"taxonomy":"product_cat","embeddable":true,"href":"https:\/\/amberdistribution.lv\/lv\/wp-json\/wp\/v2\/product_cat?post=73"},{"taxonomy":"product_tag","embeddable":true,"href":"https:\/\/amberdistribution.lv\/lv\/wp-json\/wp\/v2\/product_tag?post=73"}],"curies":[{"name":"wp","href":"https:\/\/api.w.org\/{rel}","templated":true}]}}