{"id":7303,"date":"2025-12-01T08:09:10","date_gmt":"2025-12-01T08:09:10","guid":{"rendered":"https:\/\/amberdistribution.lv\/?post_type=product&#038;p=7303"},"modified":"2025-12-02T07:07:41","modified_gmt":"2025-12-02T07:07:41","slug":"malesan-cremant-de-bordeaux-aoc-brut","status":"publish","type":"product","link":"https:\/\/amberdistribution.lv\/lv\/product\/malesan-cremant-de-bordeaux-aoc-brut\/","title":{"rendered":"Malesan Cremant de Bordeaux AOC Brut"},"content":{"rendered":"<p>Sausais dzirksto\u0161ais v\u012bns gatavots izmantojot tradicion\u0101lo metodi ar iztur\u0113\u0161anu pudel\u0113 12 m\u0113ne\u0161us. Cremant gatavots no Bordo re\u0123ion\u0101 audz\u0113t\u0101m Semillon un Cabernet Franc v\u012bnog\u0101m, kas nov\u0101ktas ar rok\u0101m. Gai\u0161i zeltains tonis, smalkas un ilgsto\u0161as burbul\u012b\u0161u virtenes. Svaigs un uzsmalcin\u0101ts Cremant, ar \u00a0balto aug\u013cu un citrusaug\u013cu arom\u0101tiem, gar\u0161a lieliski sabalans\u0113ts, svaigs, ar ilgsto\u0161u p\u0113cgar\u0161u. Cukura daudzums 0g\/L. Ide\u0101ls k\u0101 aperit\u012bvs, kop\u0101 ar j\u016bras velt\u0113m, ziv\u012bm vai \u0161okol\u0101des fondantu. Ieteicams pasniegt labi atdzes\u0113tu l\u012bdz 7-9 \u00b0C<\/p>\n","protected":false},"excerpt":{"rendered":"<p>Sausais dzirksto\u0161ais v\u012bns gatavots izmantojot tradicion\u0101lo metodi ar iztur\u0113\u0161anu pudel\u0113 12 m\u0113ne\u0161us. Cremant gatavots no Bordo re\u0123ion\u0101 audz\u0113t\u0101m Semillon un Cabernet Franc v\u012bnog\u0101m, kas nov\u0101ktas ar rok\u0101m. Gai\u0161i zeltains tonis,...<\/p>\n","protected":false},"featured_media":7304,"template":"","meta":[],"product_cat":[416],"product_tag":[],"acf":[],"_links":{"self":[{"href":"https:\/\/amberdistribution.lv\/lv\/wp-json\/wp\/v2\/product\/7303"}],"collection":[{"href":"https:\/\/amberdistribution.lv\/lv\/wp-json\/wp\/v2\/product"}],"about":[{"href":"https:\/\/amberdistribution.lv\/lv\/wp-json\/wp\/v2\/types\/product"}],"wp:featuredmedia":[{"embeddable":true,"href":"https:\/\/amberdistribution.lv\/lv\/wp-json\/wp\/v2\/media\/7304"}],"wp:attachment":[{"href":"https:\/\/amberdistribution.lv\/lv\/wp-json\/wp\/v2\/media?parent=7303"}],"wp:term":[{"taxonomy":"product_cat","embeddable":true,"href":"https:\/\/amberdistribution.lv\/lv\/wp-json\/wp\/v2\/product_cat?post=7303"},{"taxonomy":"product_tag","embeddable":true,"href":"https:\/\/amberdistribution.lv\/lv\/wp-json\/wp\/v2\/product_tag?post=7303"}],"curies":[{"name":"wp","href":"https:\/\/api.w.org\/{rel}","templated":true}]}}