{"id":7321,"date":"2026-03-06T10:42:44","date_gmt":"2026-03-06T10:42:44","guid":{"rendered":"https:\/\/amberdistribution.lv\/?post_type=product&#038;p=7321"},"modified":"2026-03-06T10:42:45","modified_gmt":"2026-03-06T10:42:45","slug":"stoli-halapeno-pepper","status":"publish","type":"product","link":"https:\/\/amberdistribution.lv\/lv\/product\/stoli-halapeno-pepper\/","title":{"rendered":"Stoli Halapeno Pepper"},"content":{"rendered":"<p>Stoli Halapeno Pepper ir aromatiz\u0113ta degv\u012bna versija, kas rad\u012bta k\u0101 premium b\u0101ze Bloody Mary koktei\u013ciem. Pies\u0101tin\u0101ts ar dab\u012bgu halapenjo un \u010dili piparu, laima un citu papildino\u0161u gar\u0161u kombin\u0101ciju, tas nodro\u0161ina izteiksm\u012bgu, bag\u0101t\u012bgu un pikantu raksturu labi sabalans\u0113tam Bloody Mary.<\/p>\n","protected":false},"excerpt":{"rendered":"<p>Stoli Halapeno Pepper ir aromatiz\u0113ta degv\u012bna versija, kas rad\u012bta k\u0101 premium b\u0101ze Bloody Mary koktei\u013ciem. Pies\u0101tin\u0101ts ar dab\u012bgu halapenjo un \u010dili piparu, laima un citu papildino\u0161u gar\u0161u kombin\u0101ciju, tas nodro\u0161ina...<\/p>\n","protected":false},"featured_media":7322,"template":"","meta":[],"product_cat":[25],"product_tag":[],"acf":[],"_links":{"self":[{"href":"https:\/\/amberdistribution.lv\/lv\/wp-json\/wp\/v2\/product\/7321"}],"collection":[{"href":"https:\/\/amberdistribution.lv\/lv\/wp-json\/wp\/v2\/product"}],"about":[{"href":"https:\/\/amberdistribution.lv\/lv\/wp-json\/wp\/v2\/types\/product"}],"wp:featuredmedia":[{"embeddable":true,"href":"https:\/\/amberdistribution.lv\/lv\/wp-json\/wp\/v2\/media\/7322"}],"wp:attachment":[{"href":"https:\/\/amberdistribution.lv\/lv\/wp-json\/wp\/v2\/media?parent=7321"}],"wp:term":[{"taxonomy":"product_cat","embeddable":true,"href":"https:\/\/amberdistribution.lv\/lv\/wp-json\/wp\/v2\/product_cat?post=7321"},{"taxonomy":"product_tag","embeddable":true,"href":"https:\/\/amberdistribution.lv\/lv\/wp-json\/wp\/v2\/product_tag?post=7321"}],"curies":[{"name":"wp","href":"https:\/\/api.w.org\/{rel}","templated":true}]}}