{"id":7347,"date":"2026-03-23T08:09:27","date_gmt":"2026-03-23T08:09:27","guid":{"rendered":"https:\/\/amberdistribution.lv\/?post_type=product&#038;p=7347"},"modified":"2026-03-23T08:09:28","modified_gmt":"2026-03-23T08:09:28","slug":"heaphy-pinot-noir-nelson","status":"publish","type":"product","link":"https:\/\/amberdistribution.lv\/lv\/product\/heaphy-pinot-noir-nelson\/","title":{"rendered":"Heaphy Pinot Noir Nelson"},"content":{"rendered":"<p>Sauss sarkanv\u012bns no Nelson- Tasman re\u0123iona Jaunz\u0113landes dienvidu sal\u0101.<\/p>\n<p>Pinot Noir\u00a0 v\u012bnogas no Heaphy v\u012bna dar\u012btavas augu\u0161as pie Tasm\u0101nijas l\u012b\u010da,\u00a0 Moutere kalnos un Rubby Bay l\u012bc\u012b.<\/p>\n<p>Rakstur\u012bgi bag\u0101t\u012bgi \u0137ir\u0161u, vijol\u012b\u0161u un sul\u012bgu ave\u0146u arom\u0101ti.<\/p>\n<p>Lieliski sader\u0113s ar s\u0113\u0146u risotto, gril\u0113tu ga\u013cu, sviesta \u0137irbja saut\u0113jumu.<\/p>\n","protected":false},"excerpt":{"rendered":"<p>Sauss sarkanv\u012bns no Nelson- Tasman re\u0123iona Jaunz\u0113landes dienvidu sal\u0101. Pinot Noir\u00a0 v\u012bnogas no Heaphy v\u012bna dar\u012btavas augu\u0161as pie Tasm\u0101nijas l\u012b\u010da,\u00a0 Moutere kalnos un Rubby Bay l\u012bc\u012b. Rakstur\u012bgi bag\u0101t\u012bgi \u0137ir\u0161u, vijol\u012b\u0161u...<\/p>\n","protected":false},"featured_media":7348,"template":"","meta":[],"product_cat":[418,429],"product_tag":[],"acf":[],"_links":{"self":[{"href":"https:\/\/amberdistribution.lv\/lv\/wp-json\/wp\/v2\/product\/7347"}],"collection":[{"href":"https:\/\/amberdistribution.lv\/lv\/wp-json\/wp\/v2\/product"}],"about":[{"href":"https:\/\/amberdistribution.lv\/lv\/wp-json\/wp\/v2\/types\/product"}],"wp:featuredmedia":[{"embeddable":true,"href":"https:\/\/amberdistribution.lv\/lv\/wp-json\/wp\/v2\/media\/7348"}],"wp:attachment":[{"href":"https:\/\/amberdistribution.lv\/lv\/wp-json\/wp\/v2\/media?parent=7347"}],"wp:term":[{"taxonomy":"product_cat","embeddable":true,"href":"https:\/\/amberdistribution.lv\/lv\/wp-json\/wp\/v2\/product_cat?post=7347"},{"taxonomy":"product_tag","embeddable":true,"href":"https:\/\/amberdistribution.lv\/lv\/wp-json\/wp\/v2\/product_tag?post=7347"}],"curies":[{"name":"wp","href":"https:\/\/api.w.org\/{rel}","templated":true}]}}