{"id":746,"date":"2022-03-18T07:28:58","date_gmt":"2022-03-18T07:28:58","guid":{"rendered":"https:\/\/amberdistribution.lv\/?post_type=product&#038;p=746"},"modified":"2023-01-10T12:49:13","modified_gmt":"2023-01-10T12:49:13","slug":"rigas-melnais-balzams-upenu","status":"publish","type":"product","link":"https:\/\/amberdistribution.lv\/lv\/product\/rigas-melnais-balzams-upenu\/","title":{"rendered":"R\u012bgas Melnais Balzams Upe\u0146u"},"content":{"rendered":"<p>R\u012bgas Meln\u0101 Balzama Upe\u0146u pamat\u0101 ir R\u012bgas Melnais Balzams, kura nosl\u0113pumaino kompoz\u012bciju papildina dab\u012bga upe\u0146u sula. Divas Latvij\u0101 tradicion\u0101las gar\u0161as R\u012bgas Melnais Balzams un upenes kop\u0101 ar ingvera arom\u0101tu veido dz\u0113riena unik\u0101lo bu\u0137eti. R\u012bgas Melno Balzamu ar upe\u0146u gar\u0161u ieteicams baud\u012bt t\u012br\u0101 veid\u0101 vai atsvaidzino\u0161os koktei\u013cos.<\/p>\n","protected":false},"excerpt":{"rendered":"<p>R\u012bgas Meln\u0101 Balzama Upe\u0146u pamat\u0101 ir R\u012bgas Melnais Balzams, kura nosl\u0113pumaino kompoz\u012bciju papildina dab\u012bga upe\u0146u sula. Divas Latvij\u0101 tradicion\u0101las gar\u0161as R\u012bgas Melnais Balzams un upenes kop\u0101 ar ingvera arom\u0101tu veido...<\/p>\n","protected":false},"featured_media":755,"template":"","meta":[],"product_cat":[24],"product_tag":[],"acf":[],"_links":{"self":[{"href":"https:\/\/amberdistribution.lv\/lv\/wp-json\/wp\/v2\/product\/746"}],"collection":[{"href":"https:\/\/amberdistribution.lv\/lv\/wp-json\/wp\/v2\/product"}],"about":[{"href":"https:\/\/amberdistribution.lv\/lv\/wp-json\/wp\/v2\/types\/product"}],"wp:featuredmedia":[{"embeddable":true,"href":"https:\/\/amberdistribution.lv\/lv\/wp-json\/wp\/v2\/media\/755"}],"wp:attachment":[{"href":"https:\/\/amberdistribution.lv\/lv\/wp-json\/wp\/v2\/media?parent=746"}],"wp:term":[{"taxonomy":"product_cat","embeddable":true,"href":"https:\/\/amberdistribution.lv\/lv\/wp-json\/wp\/v2\/product_cat?post=746"},{"taxonomy":"product_tag","embeddable":true,"href":"https:\/\/amberdistribution.lv\/lv\/wp-json\/wp\/v2\/product_tag?post=746"}],"curies":[{"name":"wp","href":"https:\/\/api.w.org\/{rel}","templated":true}]}}