{"id":962,"date":"2022-03-18T14:42:45","date_gmt":"2022-03-18T14:42:45","guid":{"rendered":"https:\/\/amberdistribution.lv\/?post_type=product&#038;p=962"},"modified":"2024-06-12T07:26:51","modified_gmt":"2024-06-12T07:26:51","slug":"lb-vodka-69","status":"publish","type":"product","link":"https:\/\/amberdistribution.lv\/lv\/product\/lb-vodka-69\/","title":{"rendered":"LB Vodka 69\u00b0"},"content":{"rendered":"<p>LB Vodka 69\u00b0, kas izgatavots no augstv\u0113rt\u012bga graudu spirta, ir sp\u0113c\u012bgs (virs 45%) pla\u0161a pat\u0113ri\u0146a degv\u012bns. Degv\u012bns ir lieliski piem\u0113rots kvalitat\u012bvu li\u0137ieru un uzl\u0113jumu pagatavo\u0161anai m\u0101jas apst\u0101k\u013cos. Augstais alkohola saturs nodro\u0161in\u0101s optim\u0101lu arom\u0101ta un gar\u0161as izvilkumu no og\u0101m, aug\u013ciem, z\u0101l\u012bt\u0113m. Degv\u012bns var tikt izmantots ar\u012b k\u0101 reibino\u0161u koktei\u013cu sast\u0101vda\u013ca. Var lietot dezinfekcijai.<\/p>\n","protected":false},"excerpt":{"rendered":"<p>LB Vodka 69\u00b0, kas izgatavots no augstv\u0113rt\u012bga graudu spirta, ir sp\u0113c\u012bgs (virs 45%) pla\u0161a pat\u0113ri\u0146a degv\u012bns. Degv\u012bns ir lieliski piem\u0113rots kvalitat\u012bvu li\u0137ieru un uzl\u0113jumu pagatavo\u0161anai m\u0101jas apst\u0101k\u013cos. Augstais alkohola saturs...<\/p>\n","protected":false},"featured_media":6697,"template":"","meta":[],"product_cat":[25],"product_tag":[518],"acf":[],"_links":{"self":[{"href":"https:\/\/amberdistribution.lv\/lv\/wp-json\/wp\/v2\/product\/962"}],"collection":[{"href":"https:\/\/amberdistribution.lv\/lv\/wp-json\/wp\/v2\/product"}],"about":[{"href":"https:\/\/amberdistribution.lv\/lv\/wp-json\/wp\/v2\/types\/product"}],"wp:featuredmedia":[{"embeddable":true,"href":"https:\/\/amberdistribution.lv\/lv\/wp-json\/wp\/v2\/media\/6697"}],"wp:attachment":[{"href":"https:\/\/amberdistribution.lv\/lv\/wp-json\/wp\/v2\/media?parent=962"}],"wp:term":[{"taxonomy":"product_cat","embeddable":true,"href":"https:\/\/amberdistribution.lv\/lv\/wp-json\/wp\/v2\/product_cat?post=962"},{"taxonomy":"product_tag","embeddable":true,"href":"https:\/\/amberdistribution.lv\/lv\/wp-json\/wp\/v2\/product_tag?post=962"}],"curies":[{"name":"wp","href":"https:\/\/api.w.org\/{rel}","templated":true}]}}